{"id":35116,"date":"2022-06-02T14:27:33","date_gmt":"2022-06-02T12:27:33","guid":{"rendered":"https:\/\/brinkhaus.de\/qualite-et-certifications\/"},"modified":"2023-05-29T10:32:03","modified_gmt":"2023-05-29T08:32:03","slug":"qualite-et-certifications","status":"publish","type":"page","link":"https:\/\/brinkhaus.de\/fr\/qualite-et-certifications\/","title":{"rendered":"Qualit\u00e9 et certifications"},"content":{"rendered":"<p>[et_pb_section fb_built=\u00a0\u00bb1&Prime; custom_padding_last_edited=\u00a0\u00bbon|phone\u00a0\u00bb admin_label=\u00a0\u00bbHeader\u00a0\u00bb _builder_version=\u00a0\u00bb4.17.2&Prime; _module_preset=\u00a0\u00bbdefault\u00a0\u00bb background_color=\u00a0\u00bb#000000&Prime; background_image=\u00a0\u00bbhttps:\/\/brinkhaus.de\/wp-content\/uploads\/2022\/05\/home_gruen_bg.jpg\u00a0\u00bb parallax=\u00a0\u00bbon\u00a0\u00bb parallax_method=\u00a0\u00bboff\u00a0\u00bb custom_padding=\u00a0\u00bb100px||100px||true|false\u00a0\u00bb custom_padding_tablet=\u00a0\u00bb80px||80px||true|false\u00a0\u00bb custom_padding_phone=\u00a0\u00bb60px||60px||true|false\u00a0\u00bb global_colors_info=\u00a0\u00bb{}\u00a0\u00bb][et_pb_row column_structure=\u00a0\u00bb3_5,2_5&Prime; make_equal=\u00a0\u00bbon\u00a0\u00bb _builder_version=\u00a0\u00bb4.16&Prime; _module_preset=\u00a0\u00bbdefault\u00a0\u00bb custom_padding=\u00a0\u00bb0px||||false|false\u00a0\u00bb global_colors_info=\u00a0\u00bb{}\u00a0\u00bb][et_pb_column type=\u00a0\u00bb3_5&Prime; _builder_version=\u00a0\u00bb4.16&Prime; _module_preset=\u00a0\u00bbdefault\u00a0\u00bb custom_padding=\u00a0\u00bb120px||||false|false\u00a0\u00bb custom_padding_tablet=\u00a0\u00bb\u00a0\u00bb custom_padding_phone=\u00a0\u00bb\u00a0\u00bb custom_padding_last_edited=\u00a0\u00bbon|desktop\u00a0\u00bb global_colors_info=\u00a0\u00bb{}\u00a0\u00bb][et_pb_text _builder_version=\u00a0\u00bb4.17.2&Prime; _module_preset=\u00a0\u00bbdefault\u00a0\u00bb text_line_height=\u00a0\u00bb2.2em\u00a0\u00bb header_font=\u00a0\u00bbMerriweather|300|||||||\u00a0\u00bb header_font_size=\u00a0\u00bb70px\u00a0\u00bb header_line_height=\u00a0\u00bb1.2em\u00a0\u00bb header_3_font=\u00a0\u00bb||||||||\u00a0\u00bb background_color=\u00a0\u00bbrgba(0,0,0,0.45)\u00a0\u00bb background_layout=\u00a0\u00bbdark\u00a0\u00bb custom_padding=\u00a0\u00bb20px|20px|20px|20px|true|true\u00a0\u00bb text_font_size_tablet=\u00a0\u00bb14px\u00a0\u00bb text_font_size_phone=\u00a0\u00bb\u00a0\u00bb text_font_size_last_edited=\u00a0\u00bbon|phone\u00a0\u00bb header_font_size_tablet=\u00a0\u00bb54px\u00a0\u00bb header_font_size_phone=\u00a0\u00bb34px\u00a0\u00bb header_font_size_last_edited=\u00a0\u00bbon|phone\u00a0\u00bb global_colors_info=\u00a0\u00bb{}\u00a0\u00bb]<\/p>\n<h1>Qualit\u00e9 et <strong style=\"color: #b4926b;\">certifications<\/strong><\/h1>\n<h3>Durabilit\u00e9 | Protection de l&rsquo;environnement | Engagement<\/h3>\n<p>[\/et_pb_text][\/et_pb_column][et_pb_column type=\u00a0\u00bb2_5&Prime; _builder_version=\u00a0\u00bb4.16&Prime; _module_preset=\u00a0\u00bbdefault\u00a0\u00bb custom_padding=\u00a0\u00bb120px|50px|50px||false|false\u00a0\u00bb custom_padding_tablet=\u00a0\u00bb50px||50px||true|false\u00a0\u00bb custom_padding_phone=\u00a0\u00bb20px|20px|20px||true|false\u00a0\u00bb custom_padding_last_edited=\u00a0\u00bbon|tablet\u00a0\u00bb global_colors_info=\u00a0\u00bb{}\u00a0\u00bb][et_pb_image src=\u00a0\u00bbhttps:\/\/brinkhaus.de\/wp-content\/uploads\/2022\/06\/qualitaet_teasermotiv.jpg\u00a0\u00bb title_text=\u00a0\u00bbqualitaet_teasermotiv\u00a0\u00bb _builder_version=\u00a0\u00bb4.17.2&Prime; _module_preset=\u00a0\u00bbdefault\u00a0\u00bb width=\u00a0\u00bb90%\u00a0\u00bb module_alignment=\u00a0\u00bbright\u00a0\u00bb custom_margin=\u00a0\u00bb|||-40px|false|false\u00a0\u00bb global_colors_info=\u00a0\u00bb{}\u00a0\u00bb][\/et_pb_image][\/et_pb_column][\/et_pb_row][\/et_pb_section][et_pb_section fb_built=\u00a0\u00bb1&Prime; admin_label=\u00a0\u00bbLocations\u00a0\u00bb module_id=\u00a0\u00bbfirmengeschichte\u00a0\u00bb _builder_version=\u00a0\u00bb4.17.2&Prime; _module_preset=\u00a0\u00bbdefault\u00a0\u00bb global_colors_info=\u00a0\u00bb{}\u00a0\u00bb][et_pb_row _builder_version=\u00a0\u00bb4.17.2&Prime; _module_preset=\u00a0\u00bbdefault\u00a0\u00bb global_colors_info=\u00a0\u00bb{}\u00a0\u00bb][et_pb_column type=\u00a0\u00bb4_4&Prime; _builder_version=\u00a0\u00bb4.17.2&Prime; _module_preset=\u00a0\u00bbdefault\u00a0\u00bb global_colors_info=\u00a0\u00bb{}\u00a0\u00bb][et_pb_text _builder_version=\u00a0\u00bb4.17.2&Prime; _module_preset=\u00a0\u00bbdefault\u00a0\u00bb header_2_font=\u00a0\u00bbMerriweather|||on|||||\u00a0\u00bb header_2_text_align=\u00a0\u00bbleft\u00a0\u00bb header_2_text_color=\u00a0\u00bb#8B1930&Prime; header_2_font_size=\u00a0\u00bb40px\u00a0\u00bb header_2_letter_spacing=\u00a0\u00bb2px\u00a0\u00bb border_width_bottom=\u00a0\u00bb2px\u00a0\u00bb border_color_bottom=\u00a0\u00bb#EDC77B\u00a0\u00bb locked=\u00a0\u00bboff\u00a0\u00bb global_colors_info=\u00a0\u00bb{}\u00a0\u00bb]<\/p>\n<h2 data-fontsize=\"48\" data-lineheight=\"81.6px\" class=\"fusion-responsive-typography-calculated\">Notre contribution<\/h2>\n<p>[\/et_pb_text][\/et_pb_column][\/et_pb_row][et_pb_row column_structure=\u00a0\u00bb1_3,2_3&Prime; _builder_version=\u00a0\u00bb4.17.2&Prime; _module_preset=\u00a0\u00bbdefault\u00a0\u00bb background_color=\u00a0\u00bb#F0E9E0&Prime; custom_margin=\u00a0\u00bb||40px||false|false\u00a0\u00bb custom_padding=\u00a0\u00bb40px|50px|40px|50px|true|true\u00a0\u00bb box_shadow_style=\u00a0\u00bbpreset3&Prime; global_colors_info=\u00a0\u00bb{}\u00a0\u00bb][et_pb_column type=\u00a0\u00bb1_3&Prime; _builder_version=\u00a0\u00bb4.16&Prime; _module_preset=\u00a0\u00bbdefault\u00a0\u00bb global_colors_info=\u00a0\u00bb{}\u00a0\u00bb][et_pb_image src=\u00a0\u00bbhttps:\/\/eurocomfort.de\/wp-content\/uploads\/2021\/01\/eurocomfort-188-400&#215;586-1.jpg\u00a0\u00bb title_text=\u00a0\u00bbLit double\u00a0\u00bb _builder_version=\u00a0\u00bb4.17.2&Prime; _module_preset=\u00a0\u00bbdefault\u00a0\u00bb box_shadow_style=\u00a0\u00bbpreset6&Prime; global_colors_info=\u00a0\u00bb{}\u00a0\u00bb][\/et_pb_image][\/et_pb_column][et_pb_column type=\u00a0\u00bb2_3&Prime; _builder_version=\u00a0\u00bb4.16&Prime; _module_preset=\u00a0\u00bbdefault\u00a0\u00bb global_colors_info=\u00a0\u00bb{}\u00a0\u00bb][et_pb_text _builder_version=\u00a0\u00bb4.17.2&Prime; _module_preset=\u00a0\u00bbdefault\u00a0\u00bb header_3_font=\u00a0\u00bb||||||||\u00a0\u00bb header_3_text_color=\u00a0\u00bb#8B1930&Prime; header_3_font_size=\u00a0\u00bb32px\u00a0\u00bb custom_margin=\u00a0\u00bb||0px||false|false\u00a0\u00bb text_font_size_tablet=\u00a0\u00bb14px\u00a0\u00bb text_font_size_phone=\u00a0\u00bb\u00a0\u00bb text_font_size_last_edited=\u00a0\u00bbon|phone\u00a0\u00bb locked=\u00a0\u00bboff\u00a0\u00bb global_colors_info=\u00a0\u00bb{}\u00a0\u00bb]<\/p>\n<h3>\u201eNotre destin ne d\u00e9pend pas des \u00e9toiles, mais de nos actions.\u201c<\/h3>\n<h4 class=\"fusion-responsive-typography-calculated\" data-fontsize=\"18\" data-lineheight=\"30.6px\"><em>(William Shakespeare)<\/em><\/h4>\n<p>L&rsquo;utilisation consciente et respectueuse de l&rsquo;environnement des ressources a toujours \u00e9t\u00e9 un th\u00e8me important au sein du groupe EuroComfort. Les jalons ont \u00e9t\u00e9 pos\u00e9s d\u00e8s le d\u00e9but des ann\u00e9es 1990, lorsque nous avons \u00e9t\u00e9 l&rsquo;une des premi\u00e8res entreprises du secteur \u00e0 introduire une gestion certifi\u00e9e de la qualit\u00e9 et de l&rsquo;environnement.<\/p>\n<p>Pour savoir comment nous contribuons aujourd&rsquo;hui au d\u00e9veloppement durable et \u00e0 la protection de l&rsquo;environnement et comment nous assumons notre engagement et notre responsabilit\u00e9 envers les hommes et les animaux, les mat\u00e9riaux et les ressources, rendez-vous sur le site<br \/>\n<br \/><a href=\"https:\/\/eurocomfort.de\/nachhaltigkeit\/\" target=\"_blank\" rel=\"noopener\">\u2197 https:\/\/eurocomfort.de\/nachhaltigkeit\/<\/a>.<\/p>\n<p><!--ul><\/p>\n\n\n\n\n<li>Brillant<\/li>\n\n\n\n\n<li>Diamant<\/li>\n\n\n\n\n<li>Opal<\/li>\n\n\n\n\n<li>Jade<\/li>\n\n\n\n\n<\/ul-->\n<p>[\/et_pb_text][et_pb_button button_url=\u00a0\u00bbhttps:\/\/eurocomfort.de\/en\/sustainability\/\u00a0\u00bb url_new_window=\u00a0\u00bbon\u00a0\u00bb button_text=\u00a0\u00bbPlus d&rsquo;informations sur eurocomfort.de\u00a0\u00bb _builder_version=\u00a0\u00bb4.19.5&Prime; _module_preset=\u00a0\u00bbdefault\u00a0\u00bb custom_button=\u00a0\u00bbon\u00a0\u00bb button_text_size=\u00a0\u00bb14px\u00a0\u00bb button_text_color=\u00a0\u00bb#ffffff\u00a0\u00bb button_bg_color=\u00a0\u00bb#b4926b\u00a0\u00bb button_border_width=\u00a0\u00bb0px\u00a0\u00bb button_border_radius=\u00a0\u00bb0px\u00a0\u00bb button_letter_spacing=\u00a0\u00bb2px\u00a0\u00bb button_font=\u00a0\u00bb|||on|||||\u00a0\u00bb custom_margin=\u00a0\u00bb20px||||false|false\u00a0\u00bb custom_padding=\u00a0\u00bb14px|30px|14px|30px|true|true\u00a0\u00bb hover_enabled=\u00a0\u00bb0&Prime; locked=\u00a0\u00bboff\u00a0\u00bb global_colors_info=\u00a0\u00bb{}\u00a0\u00bb custom_padding__hover_enabled=\u00a0\u00bbon|hover\u00a0\u00bb custom_padding__hover=\u00a0\u00bb|40px|||true|false\u00a0\u00bb button_bg_color__hover_enabled=\u00a0\u00bbon|hover\u00a0\u00bb button_bg_color__hover=\u00a0\u00bb#f0efee\u00a0\u00bb button_bg_enable_color__hover=\u00a0\u00bbon\u00a0\u00bb button_text_color__hover_enabled=\u00a0\u00bbon|desktop\u00a0\u00bb button_text_color__hover=\u00a0\u00bb#27302b\u00a0\u00bb sticky_enabled=\u00a0\u00bb0&Prime;][\/et_pb_button][\/et_pb_column][\/et_pb_row][\/et_pb_section]<\/p>\n","protected":false},"excerpt":{"rendered":"<p>Qualit\u00e9 et certifications Durabilit\u00e9 | Protection de l&rsquo;environnement | EngagementNotre contribution\u201eNotre destin ne d\u00e9pend pas des \u00e9toiles, mais de nos actions.\u201c (William Shakespeare) L&rsquo;utilisation consciente et respectueuse de l&rsquo;environnement des ressources a toujours \u00e9t\u00e9 un th\u00e8me important au sein du groupe EuroComfort. Les jalons ont \u00e9t\u00e9 pos\u00e9s d\u00e8s le d\u00e9but des ann\u00e9es 1990, lorsque nous [&hellip;]<\/p>\n","protected":false},"author":2,"featured_media":0,"parent":0,"menu_order":0,"comment_status":"closed","ping_status":"closed","template":"","meta":{"_et_pb_use_builder":"on","_et_pb_old_content":"","_et_gb_content_width":"","footnotes":""},"class_list":["post-35116","page","type-page","status-publish","hentry"],"_links":{"self":[{"href":"https:\/\/brinkhaus.de\/fr\/wp-json\/wp\/v2\/pages\/35116","targetHints":{"allow":["GET"]}}],"collection":[{"href":"https:\/\/brinkhaus.de\/fr\/wp-json\/wp\/v2\/pages"}],"about":[{"href":"https:\/\/brinkhaus.de\/fr\/wp-json\/wp\/v2\/types\/page"}],"author":[{"embeddable":true,"href":"https:\/\/brinkhaus.de\/fr\/wp-json\/wp\/v2\/users\/2"}],"replies":[{"embeddable":true,"href":"https:\/\/brinkhaus.de\/fr\/wp-json\/wp\/v2\/comments?post=35116"}],"version-history":[{"count":3,"href":"https:\/\/brinkhaus.de\/fr\/wp-json\/wp\/v2\/pages\/35116\/revisions"}],"predecessor-version":[{"id":35511,"href":"https:\/\/brinkhaus.de\/fr\/wp-json\/wp\/v2\/pages\/35116\/revisions\/35511"}],"wp:attachment":[{"href":"https:\/\/brinkhaus.de\/fr\/wp-json\/wp\/v2\/media?parent=35116"}],"curies":[{"name":"wp","href":"https:\/\/api.w.org\/{rel}","templated":true}]}}