{"id":35169,"date":"2022-05-17T21:22:08","date_gmt":"2022-05-17T19:22:08","guid":{"rendered":"https:\/\/brinkhaus.de\/mentions-legales\/"},"modified":"2022-11-22T09:05:19","modified_gmt":"2022-11-22T08:05:19","slug":"mentions-legales","status":"publish","type":"page","link":"https:\/\/brinkhaus.de\/fr\/mentions-legales\/","title":{"rendered":"Mentions l\u00e9gales"},"content":{"rendered":"<p>[et_pb_section fb_built=\u00a0\u00bb1&Prime; custom_padding_last_edited=\u00a0\u00bbon|phone\u00a0\u00bb admin_label=\u00a0\u00bbHeader\u00a0\u00bb _builder_version=\u00a0\u00bb4.17.2&Prime; _module_preset=\u00a0\u00bbdefault\u00a0\u00bb background_color=\u00a0\u00bb#000000&Prime; background_image=\u00a0\u00bbhttps:\/\/brinkhaus.de\/wp-content\/uploads\/2021\/11\/realtor-026.png\u00a0\u00bb parallax=\u00a0\u00bbon\u00a0\u00bb parallax_method=\u00a0\u00bboff\u00a0\u00bb custom_padding=\u00a0\u00bb40px||40px||true|false\u00a0\u00bb custom_padding_tablet=\u00a0\u00bb80px||80px||true|false\u00a0\u00bb custom_padding_phone=\u00a0\u00bb60px||60px||true|false\u00a0\u00bb global_colors_info=\u00a0\u00bb{}\u00a0\u00bb][et_pb_row make_equal=\u00a0\u00bbon\u00a0\u00bb _builder_version=\u00a0\u00bb4.17.2&Prime; _module_preset=\u00a0\u00bbdefault\u00a0\u00bb global_colors_info=\u00a0\u00bb{}\u00a0\u00bb][et_pb_column type=\u00a0\u00bb4_4&Prime; _builder_version=\u00a0\u00bb4.17.2&Prime; _module_preset=\u00a0\u00bbdefault\u00a0\u00bb custom_padding_tablet=\u00a0\u00bb\u00a0\u00bb custom_padding_phone=\u00a0\u00bb\u00a0\u00bb custom_padding_last_edited=\u00a0\u00bbon|desktop\u00a0\u00bb global_colors_info=\u00a0\u00bb{}\u00a0\u00bb][et_pb_text _builder_version=\u00a0\u00bb4.17.2&Prime; _module_preset=\u00a0\u00bbdefault\u00a0\u00bb text_line_height=\u00a0\u00bb2.2em\u00a0\u00bb header_font=\u00a0\u00bb|300||on|||||\u00a0\u00bb header_text_align=\u00a0\u00bbcenter\u00a0\u00bb header_text_color=\u00a0\u00bb#EDC77B\u00a0\u00bb header_font_size=\u00a0\u00bb74px\u00a0\u00bb header_line_height=\u00a0\u00bb1.4em\u00a0\u00bb header_3_font=\u00a0\u00bb|700||on|||||\u00a0\u00bb header_3_font_size=\u00a0\u00bb14px\u00a0\u00bb header_3_letter_spacing=\u00a0\u00bb4px\u00a0\u00bb header_3_line_height=\u00a0\u00bb1.4em\u00a0\u00bb background_color=\u00a0\u00bbrgba(0,0,0,0.45)\u00a0\u00bb background_layout=\u00a0\u00bbdark\u00a0\u00bb custom_padding=\u00a0\u00bb20px|20px|20px|20px|true|true\u00a0\u00bb text_font_size_tablet=\u00a0\u00bb14px\u00a0\u00bb text_font_size_phone=\u00a0\u00bb\u00a0\u00bb text_font_size_last_edited=\u00a0\u00bbon|phone\u00a0\u00bb header_font_size_tablet=\u00a0\u00bb54px\u00a0\u00bb header_font_size_phone=\u00a0\u00bb34px\u00a0\u00bb header_font_size_last_edited=\u00a0\u00bbon|phone\u00a0\u00bb global_colors_info=\u00a0\u00bb{}\u00a0\u00bb]<\/p>\n<h1>Mentions l\u00e9gales<\/h1>\n<p>[\/et_pb_text][\/et_pb_column][\/et_pb_row][\/et_pb_section][et_pb_section fb_built=\u00a0\u00bb1&Prime; disabled_on=\u00a0\u00bboff|off|off\u00a0\u00bb admin_label=\u00a0\u00bbServices\u00a0\u00bb module_id=\u00a0\u00bbnews\u00a0\u00bb _builder_version=\u00a0\u00bb4.16&Prime; _module_preset=\u00a0\u00bbdefault\u00a0\u00bb locked=\u00a0\u00bboff\u00a0\u00bb global_colors_info=\u00a0\u00bb{}\u00a0\u00bb][et_pb_row _builder_version=\u00a0\u00bb4.16&Prime; _module_preset=\u00a0\u00bbdefault\u00a0\u00bb global_colors_info=\u00a0\u00bb{}\u00a0\u00bb][et_pb_column type=\u00a0\u00bb4_4&Prime; _builder_version=\u00a0\u00bb4.16&Prime; _module_preset=\u00a0\u00bbdefault\u00a0\u00bb global_colors_info=\u00a0\u00bb{}\u00a0\u00bb][et_pb_text _builder_version=\u00a0\u00bb4.17.2&Prime; _module_preset=\u00a0\u00bbdefault\u00a0\u00bb header_font=\u00a0\u00bb|700||on|||||\u00a0\u00bb global_colors_info=\u00a0\u00bb{}\u00a0\u00bb]<\/p>\n<p>Version : 17.05.2021<\/p>\n<p>[\/et_pb_text][et_pb_text _builder_version=\u00a0\u00bb4.17.2&Prime; _module_preset=\u00a0\u00bbdefault\u00a0\u00bb header_3_font=\u00a0\u00bb||||||||\u00a0\u00bb locked=\u00a0\u00bboff\u00a0\u00bb global_colors_info=\u00a0\u00bb{}\u00a0\u00bb]<\/p>\n<h2>Informations selon \u00a7 5 TMG<\/h2>\n<p>Brinkhaus GmbH<br \/>Vennweg 22<br \/>46395 Bocholt<\/p>\n<p>Registre du commerce : HRB 8248<br \/>Tribunal d&rsquo;enregistrement : Tribunal d&rsquo;instance de Coesfeld<\/p>\n<p><strong>Repr\u00e9sent\u00e9 par :<\/strong><br \/>Thomas Bu\u00dfkamp<br \/>Rainer Brockm\u00f6ller<\/p>\n<h2>Contact<\/h2>\n<p>T\u00e9l\u00e9phone : +49 (0) 2871 \/ 21970-0<br \/>T\u00e9l\u00e9copieur : +49 (0) 2871 \/ 21970-29<br \/>E-mail : info@brinkhaus.de<\/p>\n<h2>Num\u00e9ro de TVA<\/h2>\n<p>Num\u00e9ro de TVA sur le chiffre d&rsquo;affaires conform\u00e9ment au \u00a7 27 a de la loi sur la taxe sur le chiffre d&rsquo;affaires :<br \/>DE 124163794<\/p>\n<h2>Responsable de la r\u00e9daction<\/h2>\n<p>Brinkhaus GmbH<br \/>Vennweg 22<br \/>46395 Bocholt<\/p>\n<h2>R\u00e8glement des litiges de l&rsquo;UE<\/h2>\n<p>La Commission europ\u00e9enne met \u00e0 disposition une plateforme de r\u00e8glement en ligne des litiges (RLL) :<a href=\"https:\/\/ec.europa.eu\/consumers\/odr\/\" target=\"_blank\" rel=\"noopener noreferrer\">https:\/\/ec.europa.eu\/consumers\/odr\/<\/a>.<br \/>Vous trouverez notre adresse e-mail en haut dans les mentions l\u00e9gales.<\/p>\n<h2>R\u00e8glement des litiges de consommation\/ organisme de conciliation universel<\/h2>\n<p>Nous ne sommes pas pr\u00eats ou oblig\u00e9s de participer \u00e0 des proc\u00e9dures de r\u00e8glement des litiges devant un organisme de conciliation des consommateurs.<\/p>\n<p>[\/et_pb_text][\/et_pb_column][\/et_pb_row][\/et_pb_section]<\/p>\n","protected":false},"excerpt":{"rendered":"<p>Mentions l\u00e9galesVersion : 17.05.2021Informations selon \u00a7 5 TMG Brinkhaus GmbHVennweg 2246395 Bocholt Registre du commerce : HRB 8248Tribunal d&rsquo;enregistrement : Tribunal d&rsquo;instance de Coesfeld Repr\u00e9sent\u00e9 par :Thomas Bu\u00dfkampRainer Brockm\u00f6ller Contact T\u00e9l\u00e9phone : +49 (0) 2871 \/ 21970-0T\u00e9l\u00e9copieur : +49 (0) 2871 \/ 21970-29E-mail : info@brinkhaus.de Num\u00e9ro de TVA Num\u00e9ro de TVA sur le chiffre d&rsquo;affaires [&hellip;]<\/p>\n","protected":false},"author":2,"featured_media":0,"parent":0,"menu_order":0,"comment_status":"closed","ping_status":"closed","template":"","meta":{"_et_pb_use_builder":"on","_et_pb_old_content":"","_et_gb_content_width":"","footnotes":""},"class_list":["post-35169","page","type-page","status-publish","hentry"],"_links":{"self":[{"href":"https:\/\/brinkhaus.de\/fr\/wp-json\/wp\/v2\/pages\/35169","targetHints":{"allow":["GET"]}}],"collection":[{"href":"https:\/\/brinkhaus.de\/fr\/wp-json\/wp\/v2\/pages"}],"about":[{"href":"https:\/\/brinkhaus.de\/fr\/wp-json\/wp\/v2\/types\/page"}],"author":[{"embeddable":true,"href":"https:\/\/brinkhaus.de\/fr\/wp-json\/wp\/v2\/users\/2"}],"replies":[{"embeddable":true,"href":"https:\/\/brinkhaus.de\/fr\/wp-json\/wp\/v2\/comments?post=35169"}],"version-history":[{"count":2,"href":"https:\/\/brinkhaus.de\/fr\/wp-json\/wp\/v2\/pages\/35169\/revisions"}],"predecessor-version":[{"id":35171,"href":"https:\/\/brinkhaus.de\/fr\/wp-json\/wp\/v2\/pages\/35169\/revisions\/35171"}],"wp:attachment":[{"href":"https:\/\/brinkhaus.de\/fr\/wp-json\/wp\/v2\/media?parent=35169"}],"curies":[{"name":"wp","href":"https:\/\/api.w.org\/{rel}","templated":true}]}}